{"id":18,"date":"2022-11-27T04:57:00","date_gmt":"2022-11-27T03:57:00","guid":{"rendered":"http:\/\/efa-reunion.fr\/?page_id=18"},"modified":"2024-01-02T08:06:51","modified_gmt":"2024-01-02T07:06:51","slug":"adherer","status":"publish","type":"page","link":"https:\/\/efa-reunion.fr\/index.php\/adherer\/","title":{"rendered":"Adh\u00e9rer"},"content":{"rendered":"\n<p><strong>Pourquoi Adh\u00e9rer ?<\/strong><\/p>\n\n\n\n<p>Adh\u00e9rer \u00e0 Enfance &amp; Familles d\u2019Adoption R\u00e9union, c\u2019est b\u00e9n\u00e9ficier de l\u2019information disponible \u00e0 l\u2019association, de l\u2019exp\u00e9rience des autres familles et de leur soutien si des difficult\u00e9s surgissent.<br>C\u2019est aussi partager son propre parcours, \u00e9changer avec ceux qui en ont besoin. <br>Enfin, c\u2019est \u00eatre repr\u00e9sent\u00e9, au niveau d\u00e9partemental et national, et faire ainsi entendre sa voix pour tout ce qui concerne l\u2019avenir de l\u2019adoption.<\/p>\n\n\n\n<p><strong>Qui peut Adh\u00e9rer ? <\/strong><br><br>-Les familles (couples et c\u00e9libataires) qui ont accueilli de mani\u00e8re d\u00e9finitive un ou plusieurs enfants.<br>-Tous ceux qui d\u00e9sirent adopter un enfant.<br>-Toute personne qui s\u2019int\u00e9resse \u00e0 l\u2019adoption et \u00e0 l\u2019enfance priv\u00e9e de famille<\/p>\n\n\n\n<p><strong>Comment Adh\u00e9rer ?<\/strong><\/p>\n\n\n\n<p>Si vous souhaitez adh\u00e9rer \u00e0 notre association, nous vous remercions de bien vouloir nous transmettre le bulletin  d&rsquo;adh\u00e9sion ci-dessous \u00e0 l&rsquo;adresse mail efareunion974@gmail.com <br>Concernant votre cotisation, nous vous proposons de l&rsquo;effectuer en toute s\u00e9curit\u00e9. Vos <a href=\"https:\/\/aide.helloasso.com\/hc\/fr\/articles\/360000855246-FAQ-Vos-questions-sur-le-RGPD-chez-HelloAsso\">donn\u00e9es personnelles<\/a> et vos paiements sont garantis par notre utilisation de la plateforme d&rsquo;<a rel=\"noreferrer noopener\" href=\"https:\/\/aide.helloasso.com\/hc\/fr\" target=\"_blank\">HelloAsso<\/a>. <\/p>\n\n\n\n<p><a href=\"https:\/\/www.helloasso.com\/associations\/enfance-et-famille-d-adoption-reunion\/adhesions\/adhesion-efa-974-2024\">CLIQUEZ ICI POUR ADH\u00c9RER<\/a> (Cotisation 2024)<\/p>\n\n\n\n<p>Vous recevrez par mail la confirmation de votre adh\u00e9sion.<\/p>\n\n\n\n<p>Pour tout renseignement compl\u00e9mentaire, vous pouvez nous contacter par mail  ou par t\u00e9l\u00e9phone aux coordonn\u00e9es suivantes : <\/p>\n\n\n\n<p>mail : efareunion974@gmail.com<br>t\u00e9l :  06.93.91.03.98<\/p>\n","protected":false},"excerpt":{"rendered":"<p>Pourquoi Adh\u00e9rer ? Adh\u00e9rer \u00e0 Enfance &amp; Familles d\u2019Adoption R\u00e9union, c\u2019est b\u00e9n\u00e9ficier de l\u2019information disponible \u00e0 l\u2019association, de l\u2019exp\u00e9rience des autres familles et de leur soutien si des difficult\u00e9s surgissent.C\u2019est aussi partager son propre parcours, \u00e9changer avec ceux qui en ont besoin. Enfin, c\u2019est \u00eatre repr\u00e9sent\u00e9, au niveau d\u00e9partemental et national, et faire ainsi entendre &hellip; <\/p>\n<p class=\"link-more\"><a href=\"https:\/\/efa-reunion.fr\/index.php\/adherer\/\" class=\"more-link\">Continuer la lecture<span class=\"screen-reader-text\"> de &laquo;&nbsp;Adh\u00e9rer&nbsp;&raquo;<\/span><\/a><\/p>\n","protected":false},"author":1,"featured_media":0,"parent":0,"menu_order":0,"comment_status":"closed","ping_status":"closed","template":"","meta":{"_uag_custom_page_level_css":"","footnotes":""},"class_list":["post-18","page","type-page","status-publish","hentry"],"uagb_featured_image_src":{"full":false,"thumbnail":false,"medium":false,"medium_large":false,"large":false,"1536x1536":false,"2048x2048":false,"twentyseventeen-featured-image":false,"twentyseventeen-thumbnail-avatar":false},"uagb_author_info":{"display_name":"EFAR\u00e9union","author_link":"https:\/\/efa-reunion.fr\/index.php\/author\/admin4542\/"},"uagb_comment_info":0,"uagb_excerpt":"Pourquoi Adh\u00e9rer ? Adh\u00e9rer \u00e0 Enfance &amp; Familles d\u2019Adoption R\u00e9union, c\u2019est b\u00e9n\u00e9ficier de l\u2019information disponible \u00e0 l\u2019association, de l\u2019exp\u00e9rience des autres familles et de leur soutien si des difficult\u00e9s surgissent.C\u2019est aussi partager son propre parcours, \u00e9changer avec ceux qui en ont besoin. Enfin, c\u2019est \u00eatre repr\u00e9sent\u00e9, au niveau d\u00e9partemental et national, et faire ainsi entendre\u2026","_links":{"self":[{"href":"https:\/\/efa-reunion.fr\/index.php\/wp-json\/wp\/v2\/pages\/18"}],"collection":[{"href":"https:\/\/efa-reunion.fr\/index.php\/wp-json\/wp\/v2\/pages"}],"about":[{"href":"https:\/\/efa-reunion.fr\/index.php\/wp-json\/wp\/v2\/types\/page"}],"author":[{"embeddable":true,"href":"https:\/\/efa-reunion.fr\/index.php\/wp-json\/wp\/v2\/users\/1"}],"replies":[{"embeddable":true,"href":"https:\/\/efa-reunion.fr\/index.php\/wp-json\/wp\/v2\/comments?post=18"}],"version-history":[{"count":20,"href":"https:\/\/efa-reunion.fr\/index.php\/wp-json\/wp\/v2\/pages\/18\/revisions"}],"predecessor-version":[{"id":545,"href":"https:\/\/efa-reunion.fr\/index.php\/wp-json\/wp\/v2\/pages\/18\/revisions\/545"}],"wp:attachment":[{"href":"https:\/\/efa-reunion.fr\/index.php\/wp-json\/wp\/v2\/media?parent=18"}],"curies":[{"name":"wp","href":"https:\/\/api.w.org\/{rel}","templated":true}]}}