{"id":22,"date":"2019-06-16T04:59:08","date_gmt":"2019-06-16T02:59:08","guid":{"rendered":"http:\/\/efa-reunion.fr\/?page_id=22"},"modified":"2024-03-04T12:58:57","modified_gmt":"2024-03-04T11:58:57","slug":"les-activites-defa-reunion","status":"publish","type":"page","link":"https:\/\/efa-reunion.fr\/index.php\/les-activites-defa-reunion\/","title":{"rendered":"Nos activit\u00e9s"},"content":{"rendered":"\n<p class=\"has-luminous-vivid-amber-background-color has-text-color has-background\" style=\"color:#9e2525\"> <strong>SAVE THE DATE!<\/strong><\/p>\n\n\n\n<p>Voici nos \u00e9v\u00e8nements \u00e0 venir pour 2024! <\/p>\n\n\n\n<p>(inscriptions obligatoires pour faciliter l&rsquo;accueil et l&rsquo;organisation). <\/p>\n\n\n\n<p>Selon les \u00e9v\u00e8nements, les places peuvent \u00eatre limit\u00e9es et les inscriptions des adh\u00e9rents prioris\u00e9es.<\/p>\n\n\n\n<div class=\"wp-block-uagb-image uagb-block-bf1d7fcb wp-block-uagb-image--layout-default wp-block-uagb-image--effect-static wp-block-uagb-image--align-none\"><figure class=\"wp-block-uagb-image__figure\"><img decoding=\"async\" srcset=\"https:\/\/efa-reunion.fr\/wp-content\/uploads\/2024\/03\/Green-And-Beige-Simple-Event-Program-Schedule-Poster-2-724x1024.png \" sizes=\"(max-width: 480px) 150px\" src=\"https:\/\/efa-reunion.fr\/wp-content\/uploads\/2024\/03\/Green-And-Beige-Simple-Event-Program-Schedule-Poster-2-724x1024.png\" alt=\"\" class=\"uag-image-551\" width=\"1414\" height=\"2000\" title=\"\" loading=\"lazy\"\/><\/figure><\/div>\n\n\n\n<p>EFA R\u00e9union fait partie du r\u00e9seau Enfance &amp; Familles d\u2019Adoption (EFA) qui regroupe 92  associations d\u00e9partementales, avec pr\u00e8s de 6 000 familles  adoptives et adopt\u00e9s majeurs. Les objectifs de l\u2019association sont de  pr\u00e9parer et guider les candidats \u00e0 l\u2019adoption, de soutenir les adoptants  dans leur parentalit\u00e9 et les adopt\u00e9s dans leurs interrogations, de  proposer des formations aux professionnels, et de fournir des  informations sur l\u2019adoption. <\/p>\n\n\n\n<p class=\"has-secondary-color has-text-color\"><em>EFA ne confie pas d\u2019enfants \u00e0 l\u2019adoption<\/em><\/p>\n\n\n\n<p><strong>Tout au long de l&rsquo;ann\u00e9e, EFA REUNION organise:<\/strong><\/p>\n\n\n\n<p><strong>&#8211; Des journ\u00e9es familiales.<\/strong><\/p>\n\n\n\n<div class=\"wp-block-uagb-image uagb-block-80f8ec08 wp-block-uagb-image--layout-default wp-block-uagb-image--effect-static wp-block-uagb-image--align-none\"><figure class=\"wp-block-uagb-image__figure\"><img decoding=\"async\" srcset=\"https:\/\/efa-reunion.fr\/wp-content\/uploads\/2022\/12\/Violet-Raffine-Album-Photo-Lourd-Anniversaire-Votre-Story-576x1024.png \" sizes=\"(max-width: 480px) 150px\" src=\"https:\/\/efa-reunion.fr\/wp-content\/uploads\/2022\/12\/Violet-Raffine-Album-Photo-Lourd-Anniversaire-Votre-Story-576x1024.png\" alt=\"\" class=\"uag-image-536\" width=\"576\" height=\"1024\" title=\"\" loading=\"lazy\"\/><\/figure><\/div>\n\n\n\n<p><strong>-Des soir\u00e9es cin\u00e9-d\u00e9bats<\/strong> <strong>ainsi que des s\u00e9ances cin\u00e9matographiques \u00e0 destination des enfants.<\/strong><\/p>\n\n\n\n<div class=\"wp-block-uagb-image uagb-block-91bcac9a wp-block-uagb-image--layout-default wp-block-uagb-image--effect-static wp-block-uagb-image--align-none\"><figure class=\"wp-block-uagb-image__figure\"><img decoding=\"async\" srcset=\"https:\/\/efa-reunion.fr\/wp-content\/uploads\/2022\/12\/20220701_191055-768x1024.jpg \" sizes=\"(max-width: 480px) 150px\" src=\"https:\/\/efa-reunion.fr\/wp-content\/uploads\/2022\/12\/20220701_191055-768x1024.jpg\" alt=\"\" class=\"uag-image-532\" width=\"768\" height=\"1024\" title=\"\" loading=\"lazy\"\/><\/figure><\/div>\n\n\n\n<div class=\"wp-block-uagb-image uagb-block-7026c869 wp-block-uagb-image--layout-default wp-block-uagb-image--effect-static wp-block-uagb-image--align-none\"><figure class=\"wp-block-uagb-image__figure\"><img decoding=\"async\" srcset=\"https:\/\/efa-reunion.fr\/wp-content\/uploads\/2022\/12\/20220525_164638-1-1024x768.jpg \" sizes=\"(max-width: 480px) 150px\" src=\"https:\/\/efa-reunion.fr\/wp-content\/uploads\/2022\/12\/20220525_164638-1-1024x768.jpg\" alt=\"\" class=\"uag-image-531\" width=\"1024\" height=\"768\" title=\"\" loading=\"lazy\"\/><\/figure><\/div>\n\n\n\n<div class=\"wp-block-uagb-image uagb-block-d60830b0 wp-block-uagb-image--layout-default wp-block-uagb-image--effect-static wp-block-uagb-image--align-none\"><figure class=\"wp-block-uagb-image__figure\"><img decoding=\"async\" srcset=\"https:\/\/efa-reunion.fr\/wp-content\/uploads\/2022\/12\/PCIMG_2022-05-26_12-22-49-1024x1024.jpg \" sizes=\"(max-width: 480px) 150px\" src=\"https:\/\/efa-reunion.fr\/wp-content\/uploads\/2022\/12\/PCIMG_2022-05-26_12-22-49-1024x1024.jpg\" alt=\"\" class=\"uag-image-530\" width=\"1024\" height=\"1024\" title=\"\" loading=\"lazy\"\/><\/figure><\/div>\n\n\n\n<p><strong>-Des caf\u00e9s discussions.<\/strong><\/p>\n\n\n\n<div class=\"wp-block-uagb-image uagb-block-8b684243 wp-block-uagb-image--layout-default wp-block-uagb-image--effect-static wp-block-uagb-image--align-none\"><figure class=\"wp-block-uagb-image__figure\"><img decoding=\"async\" srcset=\"https:\/\/efa-reunion.fr\/wp-content\/uploads\/2022\/12\/Grille-de-4-Photos-Votre-Story-576x1024.png \" sizes=\"(max-width: 480px) 150px\" src=\"https:\/\/efa-reunion.fr\/wp-content\/uploads\/2022\/12\/Grille-de-4-Photos-Votre-Story-576x1024.png\" alt=\"\" class=\"uag-image-533\" width=\"576\" height=\"1024\" title=\"\" loading=\"lazy\"\/><\/figure><\/div>\n\n\n\n<p><strong>-Des groupes de paroles avec l&rsquo;appui d&rsquo;un psychologue<\/strong>.<\/p>\n\n\n\n<div class=\"wp-block-uagb-image uagb-block-c7929ba4 wp-block-uagb-image--layout-default wp-block-uagb-image--effect-static wp-block-uagb-image--align-none\"><figure class=\"wp-block-uagb-image__figure\"><img decoding=\"async\" srcset=\"https:\/\/efa-reunion.fr\/wp-content\/uploads\/2022\/12\/Bordeaux-Parisien-Collection-Photo-Montage-1024x819.png \" sizes=\"(max-width: 480px) 150px\" src=\"https:\/\/efa-reunion.fr\/wp-content\/uploads\/2022\/12\/Bordeaux-Parisien-Collection-Photo-Montage-1024x819.png\" alt=\"\" class=\"uag-image-535\" width=\"1024\" height=\"819\" title=\"\" loading=\"lazy\"\/><\/figure><\/div>\n","protected":false},"excerpt":{"rendered":"<p>SAVE THE DATE! Voici nos \u00e9v\u00e8nements \u00e0 venir pour 2024! (inscriptions obligatoires pour faciliter l&rsquo;accueil et l&rsquo;organisation). Selon les \u00e9v\u00e8nements, les places peuvent \u00eatre limit\u00e9es et les inscriptions des adh\u00e9rents prioris\u00e9es. EFA R\u00e9union fait partie du r\u00e9seau Enfance &amp; Familles d\u2019Adoption (EFA) qui regroupe 92 associations d\u00e9partementales, avec pr\u00e8s de 6 000 familles adoptives et &hellip; <\/p>\n<p class=\"link-more\"><a href=\"https:\/\/efa-reunion.fr\/index.php\/les-activites-defa-reunion\/\" class=\"more-link\">Continuer la lecture<span class=\"screen-reader-text\"> de &laquo;&nbsp;Nos activit\u00e9s&nbsp;&raquo;<\/span><\/a><\/p>\n","protected":false},"author":1,"featured_media":0,"parent":0,"menu_order":0,"comment_status":"closed","ping_status":"closed","template":"","meta":{"_uag_custom_page_level_css":"","footnotes":""},"class_list":["post-22","page","type-page","status-publish","hentry"],"uagb_featured_image_src":{"full":false,"thumbnail":false,"medium":false,"medium_large":false,"large":false,"1536x1536":false,"2048x2048":false,"twentyseventeen-featured-image":false,"twentyseventeen-thumbnail-avatar":false},"uagb_author_info":{"display_name":"EFAR\u00e9union","author_link":"https:\/\/efa-reunion.fr\/index.php\/author\/admin4542\/"},"uagb_comment_info":0,"uagb_excerpt":"SAVE THE DATE! Voici nos \u00e9v\u00e8nements \u00e0 venir pour 2024! (inscriptions obligatoires pour faciliter l&rsquo;accueil et l&rsquo;organisation). Selon les \u00e9v\u00e8nements, les places peuvent \u00eatre limit\u00e9es et les inscriptions des adh\u00e9rents prioris\u00e9es. EFA R\u00e9union fait partie du r\u00e9seau Enfance &amp; Familles d\u2019Adoption (EFA) qui regroupe 92 associations d\u00e9partementales, avec pr\u00e8s de 6 000 familles adoptives et\u2026","_links":{"self":[{"href":"https:\/\/efa-reunion.fr\/index.php\/wp-json\/wp\/v2\/pages\/22"}],"collection":[{"href":"https:\/\/efa-reunion.fr\/index.php\/wp-json\/wp\/v2\/pages"}],"about":[{"href":"https:\/\/efa-reunion.fr\/index.php\/wp-json\/wp\/v2\/types\/page"}],"author":[{"embeddable":true,"href":"https:\/\/efa-reunion.fr\/index.php\/wp-json\/wp\/v2\/users\/1"}],"replies":[{"embeddable":true,"href":"https:\/\/efa-reunion.fr\/index.php\/wp-json\/wp\/v2\/comments?post=22"}],"version-history":[{"count":12,"href":"https:\/\/efa-reunion.fr\/index.php\/wp-json\/wp\/v2\/pages\/22\/revisions"}],"predecessor-version":[{"id":553,"href":"https:\/\/efa-reunion.fr\/index.php\/wp-json\/wp\/v2\/pages\/22\/revisions\/553"}],"wp:attachment":[{"href":"https:\/\/efa-reunion.fr\/index.php\/wp-json\/wp\/v2\/media?parent=22"}],"curies":[{"name":"wp","href":"https:\/\/api.w.org\/{rel}","templated":true}]}}