{"id":274,"date":"2022-11-27T08:29:37","date_gmt":"2022-11-27T07:29:37","guid":{"rendered":"http:\/\/efa-reunion.fr\/?page_id=274"},"modified":"2022-12-08T14:51:08","modified_gmt":"2022-12-08T13:51:08","slug":"agenda-previsionnelle","status":"publish","type":"page","link":"https:\/\/efa-reunion.fr\/index.php\/les-activites-defa-reunion\/agenda-previsionnelle\/","title":{"rendered":"Agenda pr\u00e9visionnel EFA R\u00e9union"},"content":{"rendered":"\n<p class=\"has-text-align-left has-luminous-vivid-amber-background-color has-text-color has-background has-normal-font-size\" style=\"color:#991818\"><strong>INFO : suite \u00e0 la situation sanitaire actuelle,  les \u00e9v\u00e9nements organis\u00e9s par EFA R\u00e9union sont ajust\u00e9s<\/strong><\/p>\n\n\n\n<p class=\"has-normal-font-size\">Retrouvez-nous lors de nos caf\u00e9s discussions ou nos activit\u00e9s familiales<\/p>\n\n\n\n<p class=\"has-text-align-center has-medium-font-size\"><strong>Agenda pr\u00e9visionnel 2022\/2023<\/strong><\/p>\n\n\n\n<figure class=\"wp-block-table is-style-stripes\"><table class=\"has-fixed-layout\"><thead><tr><th class=\"has-text-align-left\" data-align=\"left\">Les caf\u00e9s discussions                          <\/th><th>Les journ\u00e9es familiales<\/th><\/tr><\/thead><tbody><tr><td class=\"has-text-align-left\" data-align=\"left\">25 F\u00e9vrier 2023<\/td><td>JF*- Arbre de No\u00ebl:  11 D\u00e9cembre 2022<\/td><\/tr><tr><td class=\"has-text-align-left\" data-align=\"left\">29 avril 2023<\/td><td>Assembl\u00e9e G\u00e9n\u00e9rale:  02 Avril 2023<\/td><\/tr><tr><td class=\"has-text-align-left\" data-align=\"left\"><\/td><td><\/td><\/tr><tr><td class=\"has-text-align-left\" data-align=\"left\"><\/td><td><\/td><\/tr><\/tbody><\/table><\/figure>\n\n\n\n<p style=\"font-size:14px\">* Journ\u00e9e Familiale<\/p>\n\n\n\n<p class=\"has-text-align-left has-normal-font-size\">Ces journ\u00e9es sont exclusivement r\u00e9serv\u00e9es \u00e0 nos adh\u00e9rents merci de bien vouloir nous contacter au pr\u00e9alable ou d&rsquo;adh\u00e9rer \u00e0 notre association<a href=\"https:\/\/efa-reunion.fr\/index.php\/adherer\/\"> ici<\/a> et de nous communiquer vos coordonn\u00e9es.<\/p>\n\n\n\n<p>A bient\u00f4t ! <br>L&rsquo;\u00e9quipe EFA R\u00e9union<\/p>\n\n\n\n<div class=\"wp-block-uagb-image uagb-block-5d1c0dae wp-block-uagb-image--layout-default wp-block-uagb-image--effect-static wp-block-uagb-image--align-none\"><figure class=\"wp-block-uagb-image__figure\"><img decoding=\"async\" srcset=\"https:\/\/efa-reunion.fr\/wp-content\/uploads\/2022\/12\/20221207_132508_0000-1024x1024.png \" src=\"https:\/\/efa-reunion.fr\/wp-content\/uploads\/2022\/12\/20221207_132508_0000-1024x1024.png\" alt=\"\" class=\"uag-image-517\" width=\"\" height=\"\" title=\"\" loading=\"lazy\"\/><\/figure><\/div>\n\n\n\n<div data-wp-interactive=\"core\/file\" class=\"wp-block-file\"><object data-wp-bind--hidden=\"!state.hasPdfPreview\"  class=\"wp-block-file__embed\" data=\"https:\/\/efa-reunion.fr\/wp-content\/uploads\/2022\/12\/Affiche-FacILe_Guetali_Dansez-Masala_DIF-2-1.pdf\" type=\"application\/pdf\" style=\"width:100%;height:600px\" aria-label=\"Contenu embarqu\u00e9 SPECTACLE ARBRE DE NO\u00cbL EFA REUNION LE 11 D\u00c9CEMBRE 2022.\"><\/object><a id=\"wp-block-file--media-f29e33b1-b27d-43b6-a0d0-dc5f388b3cb3\" href=\"https:\/\/efa-reunion.fr\/wp-content\/uploads\/2022\/12\/Affiche-FacILe_Guetali_Dansez-Masala_DIF-2-1.pdf\">SPECTACLE ARBRE DE NO\u00cbL EFA REUNION LE 11 D\u00c9CEMBRE 2022<\/a><a href=\"https:\/\/efa-reunion.fr\/wp-content\/uploads\/2022\/12\/Affiche-FacILe_Guetali_Dansez-Masala_DIF-2-1.pdf\" class=\"wp-block-file__button wp-element-button\" download aria-describedby=\"wp-block-file--media-f29e33b1-b27d-43b6-a0d0-dc5f388b3cb3\">T\u00e9l\u00e9charger<\/a><\/div>\n","protected":false},"excerpt":{"rendered":"<p>INFO : suite \u00e0 la situation sanitaire actuelle, les \u00e9v\u00e9nements organis\u00e9s par EFA R\u00e9union sont ajust\u00e9s Retrouvez-nous lors de nos caf\u00e9s discussions ou nos activit\u00e9s familiales Agenda pr\u00e9visionnel 2022\/2023 Les caf\u00e9s discussions Les journ\u00e9es familiales 25 F\u00e9vrier 2023 JF*- Arbre de No\u00ebl: 11 D\u00e9cembre 2022 29 avril 2023 Assembl\u00e9e G\u00e9n\u00e9rale: 02 Avril 2023 * Journ\u00e9e &hellip; <\/p>\n<p class=\"link-more\"><a href=\"https:\/\/efa-reunion.fr\/index.php\/les-activites-defa-reunion\/agenda-previsionnelle\/\" class=\"more-link\">Continuer la lecture<span class=\"screen-reader-text\"> de &laquo;&nbsp;Agenda pr\u00e9visionnel EFA R\u00e9union&nbsp;&raquo;<\/span><\/a><\/p>\n","protected":false},"author":1,"featured_media":0,"parent":22,"menu_order":1,"comment_status":"closed","ping_status":"closed","template":"","meta":{"_uag_custom_page_level_css":"","footnotes":""},"class_list":["post-274","page","type-page","status-publish","hentry"],"uagb_featured_image_src":{"full":false,"thumbnail":false,"medium":false,"medium_large":false,"large":false,"1536x1536":false,"2048x2048":false,"twentyseventeen-featured-image":false,"twentyseventeen-thumbnail-avatar":false},"uagb_author_info":{"display_name":"EFAR\u00e9union","author_link":"https:\/\/efa-reunion.fr\/index.php\/author\/admin4542\/"},"uagb_comment_info":0,"uagb_excerpt":"INFO : suite \u00e0 la situation sanitaire actuelle, les \u00e9v\u00e9nements organis\u00e9s par EFA R\u00e9union sont ajust\u00e9s Retrouvez-nous lors de nos caf\u00e9s discussions ou nos activit\u00e9s familiales Agenda pr\u00e9visionnel 2022\/2023 Les caf\u00e9s discussions Les journ\u00e9es familiales 25 F\u00e9vrier 2023 JF*- Arbre de No\u00ebl: 11 D\u00e9cembre 2022 29 avril 2023 Assembl\u00e9e G\u00e9n\u00e9rale: 02 Avril 2023 * Journ\u00e9e\u2026","_links":{"self":[{"href":"https:\/\/efa-reunion.fr\/index.php\/wp-json\/wp\/v2\/pages\/274"}],"collection":[{"href":"https:\/\/efa-reunion.fr\/index.php\/wp-json\/wp\/v2\/pages"}],"about":[{"href":"https:\/\/efa-reunion.fr\/index.php\/wp-json\/wp\/v2\/types\/page"}],"author":[{"embeddable":true,"href":"https:\/\/efa-reunion.fr\/index.php\/wp-json\/wp\/v2\/users\/1"}],"replies":[{"embeddable":true,"href":"https:\/\/efa-reunion.fr\/index.php\/wp-json\/wp\/v2\/comments?post=274"}],"version-history":[{"count":14,"href":"https:\/\/efa-reunion.fr\/index.php\/wp-json\/wp\/v2\/pages\/274\/revisions"}],"predecessor-version":[{"id":521,"href":"https:\/\/efa-reunion.fr\/index.php\/wp-json\/wp\/v2\/pages\/274\/revisions\/521"}],"up":[{"embeddable":true,"href":"https:\/\/efa-reunion.fr\/index.php\/wp-json\/wp\/v2\/pages\/22"}],"wp:attachment":[{"href":"https:\/\/efa-reunion.fr\/index.php\/wp-json\/wp\/v2\/media?parent=274"}],"curies":[{"name":"wp","href":"https:\/\/api.w.org\/{rel}","templated":true}]}}