{"id":340,"date":"2022-11-27T08:18:42","date_gmt":"2022-11-27T07:18:42","guid":{"rendered":"http:\/\/efa-reunion.fr\/?page_id=340"},"modified":"2022-11-27T08:22:10","modified_gmt":"2022-11-27T07:22:10","slug":"bibliographie","status":"publish","type":"page","link":"https:\/\/efa-reunion.fr\/index.php\/bibliographie\/","title":{"rendered":"M\u00e9diath\u00e8que"},"content":{"rendered":"\n<figure class=\"wp-block-image size-large\"><img decoding=\"async\" width=\"1024\" height=\"678\" src=\"https:\/\/efa-reunion.fr\/wp-content\/uploads\/2019\/06\/adorable-blur-bookcase-261895-1-1024x678.jpg\" alt=\"\" class=\"wp-image-50\" srcset=\"https:\/\/efa-reunion.fr\/wp-content\/uploads\/2019\/06\/adorable-blur-bookcase-261895-1-1024x678.jpg 1024w, https:\/\/efa-reunion.fr\/wp-content\/uploads\/2019\/06\/adorable-blur-bookcase-261895-1-300x199.jpg 300w, https:\/\/efa-reunion.fr\/wp-content\/uploads\/2019\/06\/adorable-blur-bookcase-261895-1-768x509.jpg 768w, https:\/\/efa-reunion.fr\/wp-content\/uploads\/2019\/06\/adorable-blur-bookcase-261895-1-1568x1039.jpg 1568w\" sizes=\"(max-width: 706px) 89vw, (max-width: 767px) 82vw, 740px\" \/><\/figure>\n\n\n\n<p>EFA R\u00e9union propose \u00e0 l&#8217;emprunt des ouvrages adapt\u00e9s \u00e0 tous les \u00e2ges \u00e0 lire, voir ou \u00e9couter.<\/p>\n\n\n\n<p>Les ouvrages que nous proposons \u00e0 l&#8217;emprunt:<\/p>\n\n\n\n<p><strong>OUVRAGES POUR ADULTES <\/strong><\/p>\n\n\n\n<p><strong><em>NOUVEAUTES 2020 \/ 2021<\/em><\/strong><\/p>\n\n\n\n<p><strong>&#8211; Adoptabilit\u00e9s, La question du projet de l\u2019enfant \u2013 <\/strong>sous la direction de Bertrand Morin \u2013 EFA &#8211; novembre 2017<\/p>\n\n\n\n<p><strong>&#8211; Adoption et cultures<\/strong>: de la filiation \u00e0 l&rsquo;affiliation sous la direction de Zerdalia K.S. Dahoun-1996- L&rsquo;Harmattan : sant\u00e9, soci\u00e9t\u00e9s et cultures. R\u00e9sultat d&rsquo;une r\u00e9flexion pluridisciplinaire qui a pris la forme d&rsquo;un colloque organis\u00e9 par la Maison de toutes les couleurs.<\/p>\n\n\n\n<p><strong>&#8211; Adoption internationale et droits de l&rsquo;enfant: qu&rsquo;advient-il des laiss\u00e9s-pour-compte? <\/strong>Par Marie-Fran\u00e7oise L\u00fccker-Babel &#8211; Editions Universitaires Fribourg Suisse-1991.\u2028\u2028\u2028&nbsp;<\/p>\n\n\n\n<p><strong>&#8211; Adopter un enfant d\u00e9j\u00e0 grand ou une fratrie \u2013 <\/strong>cahier de r\u00e9flexion pour se pr\u00e9parer \u00e0 l\u2019accueil d\u2019un enfant europ\u00e9en \u2013 propos\u00e9 par l\u2019Agence Fran\u00e7aise de l\u2019Adoption (AFA) et EFA<\/p>\n\n\n\n<p><strong>&#8211; Adopter ou parrainer un enfant<\/strong> &#8211; r\u00e9alis\u00e9 par Martine Perrin avec la r\u00e9daction du mensuel Croissance &#8211; HSn\u00b03. Les d\u00e9marches, ce que dit la loi, organismes, associations, adresses et t\u00e9moignages.\u2028\u2028\u2028&nbsp;<\/p>\n\n\n\n<p><strong><em>&#8211; Adoption tardive : d&rsquo;une naissance \u00e0 l&rsquo;autre<\/em><\/strong><em> d&rsquo;Ombline Ozoux Teffaine- Stock -Laurence Pernoud-1996. Ce livre s&rsquo;adresse \u00e0 tous ceux que concerne ou qu&rsquo;int\u00e9resse l&rsquo;adoption; pour aider les parents comme l&rsquo;enfant \u00e0 construire leur nouvelle vie commune.\u2028\u2028\u2028&nbsp;<\/em><\/p>\n\n\n\n<p><strong><em>&#8211; <\/em><\/strong><strong>Car nous venons tous du pays de notre Enfance<\/strong> de Jacques Salom\u00e9 \u2013 Albin Michel-2000. Textes et illustrations pour r\u00e9fl\u00e9chir sur l&rsquo;enfance.\u2028\u2028\u2028&nbsp;<\/p>\n\n\n\n<p><strong>&#8211; Ces enfants dont personne ne veut<\/strong> de Pierre Verdier et Marieke Aucante-Dunod-1997. \u00ab Adopter un enfant inadoptable \u00bb. Guide pour toux ceux qui ont \u00e9t\u00e9 confront\u00e9s \u00e0 la probl\u00e9matique de l&rsquo;adoption , ce livre est avant tout un message d&rsquo;espoir , reportage sur l&rsquo;amour familial au quotidien\u2028\u2028\u2028&nbsp;<\/p>\n\n\n\n<p><strong>&#8211; Enfant de personne<\/strong> de Genevi\u00e8ve Delaisi et Pierre Verdier- \u00c9ditions Odile Jacob-1994. L&rsquo;adoption et les procr\u00e9ations m\u00e9dicalement assist\u00e9es refl\u00e8tent les m\u00eames souffrances et posent les m\u00eames probl\u00e8mes. Dans les deux cas, l&rsquo;institution, au nom d&rsquo;une conception erron\u00e9e de la filiation, fait peser sur l&rsquo;enfant un secret absolu quant \u00e0 ses origines biologiques&#8230;\u2028\u2028\u2028&nbsp;<\/p>\n\n\n\n<p><strong>&#8211; Enfant d&rsquo;ici, enfant d&rsquo;ailleurs : l&rsquo;adoption sans fronti\u00e8re<\/strong> par le professeur Matt\u00e9i \u2013 La documentation fran\u00e7aise \u2013 Collection des rapports officiels-1995. Rapport au premier ministre.\u2028\u2028\u2028&nbsp;<\/p>\n\n\n\n<p><strong>&#8211; Guide de l&rsquo;acc\u00e8s aux documents administratifs<\/strong> \u2013 3\u00e8me \u00e9dition &#8211;&nbsp; Commission d&rsquo;acc\u00e8s aux documents administratifs &#8211; La documentation fran\u00e7aise-1997. Pour rendre l&rsquo;administration fran\u00e7aise plus transparente.\u2028\u2028\u2028&nbsp;<\/p>\n\n\n\n<p><strong>&#8211; Homoparentalit\u00e9s, \u00e9tat des lieux: parent\u00e9s et diff\u00e9rence des sexes.<\/strong> Sous la direction de Martine Gross- ESF \u00e9diteur- Collection de la vie de l&rsquo;enfant-2000. Propos tenus lors du Colloque \u00ab Parent\u00e9s et diff\u00e9rences des sexes \u00bb\u2028\u2028\u2028&nbsp;<\/p>\n\n\n\n<p><strong>&#8211; J&rsquo;ai rencontr\u00e9 ma fille \u00e0 Dharamsala<\/strong> par Sofia Stril-Rever &#8211; Albin Michel-1996. Pr\u00e9face de Soeur Emmanuelle: \u00ab La tendresse obstin\u00e9e d&rsquo;un c\u0153ur de femme a su briser les cha\u00eenes qui asservissaient une enfant. \u00bb\u2028\u2028\u2028&nbsp;<\/p>\n\n\n\n<p><strong>&#8211; La bible de l&rsquo;adoption<\/strong> de Me Josette Rejou &#8211; First \u00c9ditions-1997. Ouvrage dirig\u00e9 par Florence Le Bras. De la prise de d\u00e9cision jusqu&rsquo;aux formulaires administratifs, un parcours balis\u00e9 pour mieux accueillir votre enfant ; un palmar\u00e8s des organismes , des adresses s\u00fbres \u00e0 l&rsquo;\u00e9tranger.\u2028\u2028\u2028&nbsp;<\/p>\n\n\n\n<p><strong>&#8211; L&rsquo;adoption<\/strong> de Bruno Testa \u2013 Quidam \u00c9diteur-2005- Roman. Le narrateur l&rsquo;assure: il n&rsquo;a pas le g\u00e8ne de l&rsquo;adoption. Mais&#8230;\u2028\u2028\u2028&nbsp;<\/p>\n\n\n\n<p><strong>&#8211; L&rsquo;adoption \u2013 Guide \u00e0 l\u2019intention des enseignants \u2013 <\/strong>Guides pratiques d\u2019EFA<\/p>\n\n\n\n<p><strong>&#8211; L&rsquo;adoption<\/strong> de Florence Lafond \u2013 Les essentiels Milan-1999<\/p>\n\n\n\n<p><strong>&#8211; L&rsquo;adoption<\/strong> de Fanny Cohen Herlem \u2013 Id\u00e9es re\u00e7ues \u2013 Le cavalier bleu -2002<\/p>\n\n\n\n<p><strong>&#8211; Ti Kr\u00e9v\u00e8r L\u2019enfant b\u00e2tard<\/strong> de David Huet \u2013 Azal\u00e9es \u00c9ditions-2006- Roman.<\/p>\n\n\n\n<p><strong><em>&#8211; L&rsquo;adoption : d&rsquo;une fracture \u00e0 une renaissance<\/em><\/strong><em> d&rsquo;Anne Decerf- 2\u00e8me \u00e9dition-Chronique sociale- Comprendre les personnes-2005. Synth\u00e8se: Exploitant de tr\u00e8s belles histoires d&rsquo;adoption, la r\u00e9flexion qui parcourt cet ouvrage met en \u00e9vidence quatre processus psychiques organisateurs de la vie affective de l&rsquo;enfant adopt\u00e9. Les parents adoptifs trouveront ici des points de rep\u00e8re essentiels pour mieux se situer au sein des processus \u00e9ducatifs, affectifs et sociaux li\u00e9s \u00e0 l&rsquo;adoption.\u2028\u2028\u2028&nbsp;<\/em><\/p>\n\n\n\n<p><strong><em>&#8211; <\/em><\/strong><strong>L&rsquo;adoption internationale: que sont-ils devenus?<\/strong> Par Denise Spring-Duvoisin- Editions Advimark-1986. De jeunes adultes adopt\u00e9s t\u00e9moignent 20 ans apr\u00e8s leur arriv\u00e9e en Suisse.\u2028\u2028\u2028&nbsp;<\/p>\n\n\n\n<p><strong><em>&#8211; L&rsquo;adoption: les acteurs et les enjeux autour de l&rsquo;enfant<\/em><\/strong><em> de Fran\u00e7oise-Romaine Ouellette- Diagnostic-1996. L&rsquo;adoption au Qu\u00e9bec: impact radical de l&rsquo;adoption sur l&rsquo;identit\u00e9 de l&rsquo;enfant adopt\u00e9, protection de l&rsquo;enfance et r\u00e9alisation du projet parental.\u2028\u2028\u2028&nbsp;<\/em><\/p>\n\n\n\n<p><strong><em>&#8211; <\/em><\/strong><strong>L&rsquo;adoption : une aventure familiale<\/strong> sous la direction de Brigitte Camdessus- Le monde de la Famille \u2013 ESF \u00e9diteur-1997.\u2028\u2028\u2028&nbsp;<\/p>\n\n\n\n<p><strong>&#8211; L&rsquo;Amour adopt\u00e9<\/strong> de Marie Brunet \u2013 Parler vrai- \u00c9ditions du Rocher-1993.Roman autobiographique. Marie Brunet d\u00e9couvre \u00e0 l&rsquo;\u00e2ge de 10 ans qu&rsquo;elle a \u00e9t\u00e9 adopt\u00e9e&#8230;\u2028\u2028\u2028&nbsp;<\/p>\n\n\n\n<p><strong>&#8211; La famille aux fronti\u00e8res du lien<\/strong>&#8211; \u00c9ditions Feuilles Familiales, 2003. Dans cet ouvrage, quatre approches qui interrogent le lien qui unit les membres d&rsquo;une famille.\u2028\u2028\u2028&nbsp;<\/p>\n\n\n\n<p><strong>&#8211; Le choix d&rsquo;adopter<\/strong> d&rsquo;Anne Meunier- Flammarion-1997. R\u00e9flexion sur la probl\u00e9matique de l&rsquo;adoption.\u2028\u2028\u2028&nbsp;<\/p>\n\n\n\n<p><strong>&#8211; Le guide de l&rsquo;adoption<\/strong> de Marielle de B\u00e9chillon, Dr Jean-Jacques Choulot &#8211; Editions Odile Jacob-2001. Information compl\u00e8te et transversale sur l&rsquo;adoption : les r\u00e9alit\u00e9s.\u2028\u2028\u2028&nbsp;<\/p>\n\n\n\n<p><strong>&#8211; L&rsquo;enfant a-t-il droit \u00e0 son histoire?<\/strong> De Agn\u00e8s Fine, Huguette Jordana, Claire Neirinck, Suzanne P\u00e9dussaud- Er\u00e8s-1999. Ouvrage \u00e9labor\u00e9 \u00e0 la suite d&rsquo;une journ\u00e9e d&rsquo;\u00e9tude organis\u00e9e par la Maison des droits de l&rsquo;enfant. Cet ouvrage qui rassemble juristes, anthropologue et psychologue, montre bien que le droit de l&rsquo;enfant \u00e0 conna\u00eetre son pass\u00e9 reste \u00e9troitement contr\u00f4l\u00e9 par les adultes.\u2028\u2028\u2028&nbsp;<\/p>\n\n\n\n<p><strong>&#8211; L&rsquo;enfant en miettes<\/strong> de Pierre Verdier- 4\u00e8me \u00e9dition- Dunod-1997. L&rsquo;aide sociale \u00e0 l&rsquo;enfance: bilan et perspectives. Pour \u00eatre constructives les s\u00e9parations ne doivent pas \u00eatre des ruptures, afin que l&rsquo;enfant s\u00e9par\u00e9 puisse devenir un adulte \u00e0 part enti\u00e8re.\u2028\u2028\u2028&nbsp;<\/p>\n\n\n\n<p><strong>&#8211; L&rsquo;enfant et la souffrance de la s\u00e9paration : Divorce, adoption, placement<\/strong>. De Maurice Berger- DUNOD-1997. S&rsquo;appuyant sur vingt ann\u00e9es d&rsquo;exp\u00e9rience clinique, l&rsquo;auteur d\u00e9crit les principaux processus psychiques propres \u00e0 l&rsquo;enfant confront\u00e9 \u00e0 la s\u00e9paration.\u2028\u2028\u2028&nbsp;<\/p>\n\n\n\n<p>&#8211; <strong>On regardait s\u2019approcher les nuages \u2013 <\/strong>Ga\u00eblle DREVET \u2013 EFA Coll\u00b0 T\u00e9moignages \u2013 d\u00e9c 2014<\/p>\n\n\n\n<p><strong><em>&#8211; Le P\u00e8re emp\u00each\u00e9<\/em><\/strong><em> de Marie Brunet \u2013 Parler vrai -\u00c9ditions du Rocher-1995. Roman autobiographique. \u00ab\u00a0Le p\u00e8re emp\u00each\u00e9\u00a0\u00bb commence par un appel t\u00e9l\u00e9phonique&#8230;\u2028\u2028\u2028&nbsp;<\/em><\/p>\n\n\n\n<p><strong><em>&#8211; <\/em><\/strong><strong>P\u00e8res, m\u00e8res, enfants<\/strong> de Christine Castelain-Meunier- dominos -Flammarion.1998. Un expos\u00e9 pour comprendre : Conjugalit\u00e9 et parentalit\u00e9 ; un essai pour r\u00e9fl\u00e9chir: Quelle place pour les enfants?&nbsp;&nbsp;<\/p>\n\n\n\n<p>&#8211; <strong>De l&rsquo;une \u00e0 l&rsquo;autre \u2013 De la grossesse \u00e0 l&rsquo;abandon<\/strong> de Sophie Marinopoulos \u2013 Ed\u00b0 Hommes et Perspectives \/ Martin M\u00e9dia \u2013 1998&nbsp; (don Emmaus)<\/p>\n\n\n\n<p>&#8211; <strong>Enjeux de l&rsquo;adoption tardive<\/strong> \u2013 Nouveaux fondements pour la clinique \u2013 sous la direction de Ombline Ozoux-Teffaine \u2013 Coll\u00b0 La vie de l&rsquo;enfant \u2013 Ed\u00b0 Er\u00e8s 2007 (don Emmaus)<\/p>\n\n\n\n<p>&#8211; <strong>L&rsquo;adoption une nouvelle naissance<\/strong> de Yves Nicolin \u2013 coll\u00b0 Histoires d&rsquo;aujourd&rsquo;hui \u2013 Ed\u00b0 Tallandier 2007&nbsp; (don Emmaus)<\/p>\n\n\n\n<p>&#8211; <strong>Abandon et Adoption<\/strong>, Liens du sang, liens d&rsquo;amour dirig\u00e9 par Brigitte Trillat \u2013 Ed\u00b0 Autrement 1988&nbsp;&nbsp; (don Emmaus)<\/p>\n\n\n\n<p>&#8211; <strong>Un merveilleux malheur<\/strong> de Boris Cyrulnik \u2013 Ed\u00b0 Odile Jacob\u00a0 1996\u00a0\u00a0 <\/p>\n\n\n\n<p>&#8211; <strong>Le murmure des fant\u00f4mes <\/strong>\u00a0de Boris Cyrulnik \u2013 Ed\u00b0 Odile Jacob\u00a0 2002\u00a0\u00a0 <\/p>\n\n\n\n<p>&#8211; <strong>Le complexe de Mo\u00efse<\/strong> de Diane Drory et Colette Fr\u00e8re \u2013 Ed\u00b0 Albin Michel 2006\u00a0\u00a0 <\/p>\n\n\n\n<p>&#8211; <strong>L&rsquo;adoption aujourd&rsquo;hui<\/strong> de Pierre Verdier \u2013 Ed\u00b0 Bayard\u00a0 1994\u00a0\u00a0 <\/p>\n\n\n\n<p>&#8211; <strong>S\u00e9paration, attachement, cr\u00e9ation de liens dans la famille adoptive<\/strong> \u2013 actes de la journ\u00e9e de r\u00e9flexion du 9 juin 2006 \u2013 EFA<\/p>\n\n\n\n<p><strong>&#8211; La normalit\u00e9 adoptive<\/strong><\/p>\n\n\n\n<p>REVUES ACCUEIL&nbsp;: n\u00b0170\/171\/172\/173\/179(2ex)\/180(2ex)\/181(2ex)\/182\/183\/184\/ 197<strong><\/strong><\/p>\n\n\n\n<p>Brochures&nbsp;:<strong><\/strong><\/p>\n\n\n\n<p>&#8211; Enfance en Recherche de Famille (1ex)<strong><\/strong><\/p>\n\n\n\n<p>&#8211; EFA (pr\u00e9sentation)&nbsp;&nbsp;&nbsp;&nbsp; environ 30 exemplaires<strong><\/strong><\/p>\n\n\n\n<p>&#8211; Ton histoire, tes origines et les r\u00e9seaux sociaux \u2013 Eileen Fursland \u2013 Guides pratiques de EFA&nbsp; (4 ex)<\/p>\n\n\n\n<p>&#8211; \u00ab&nbsp;Ils se sont occup\u00e9s de nos enfants avant nous&nbsp;\u00bb D\u00e9cembre 2020<\/p>\n\n\n\n<p><strong>LIVRES POUR ADO<\/strong><\/p>\n\n\n\n<p><strong>&#8211; Mon corps est un oeil<\/strong> de Alex Cousseau \u2013 doAdo &#8211; Editions du Rouergue &#8211; 2007.<\/p>\n\n\n\n<p><strong>&#8211; Le livre de N\u00e9mo<\/strong> de Nicole Bacharan et Dominique Simonnet \u2013 Roman Seuil \u00c9diteur-1998-<\/p>\n\n\n\n<p>&#8211; <strong>Le ciel nous appartient<\/strong> &#8212; Katherine Rundell<\/p>\n\n\n\n<p><a><strong>\u2013 La fabuleuse histoire de Jenny B<\/strong><\/a> \u2013 Guallimard Jeunesse<\/p>\n\n\n\n<p><strong>\u2013 Un Un r\u00f4le en or pour Jenny<\/strong> \u2013 Guallimard Jeunesse<\/p>\n\n\n\n<p><strong>\u2013 Un nouveau d\u00e9fi pour Jenny<\/strong> \u2013 Guallimard Jeunesse<\/p>\n\n\n\n<p>&#8211;<strong>Enfant d\u2019ailleurs 1 Bande dessin\u00e9es<\/strong><\/p>\n\n\n\n<p><strong>-Enfant d\u2019ailleurs 2 Bande dessin\u00e9es<\/strong><\/p>\n\n\n\n<p><strong>LIVRES POUR ENFANTS<\/strong><\/p>\n\n\n\n<p><strong>&#8211; On s\u2019est adopt\u00e9s <\/strong>du Dr Catherine DOLTO \u2013 Giboul\u00e9es \u2013 Gallimard Jeunesse &#8211; Mine de rien, <em>m\u00eame si ce n\u2019est pas toujours facile \u00e0 vivre, l\u2019adoption est une tr\u00e8s belle aventure&nbsp;!<\/em><\/p>\n\n\n\n<p><strong><em>&#8211; La s\u0153ur de mon fr\u00e8re<\/em><\/strong><em> de C.S. ADLER &#8211; Castor Poche &#8211; Flammarion. 1995 Senior, d\u00e8s 11\/12ans. L&rsquo;arriv\u00e9e de Youn Hee, jeune Cor\u00e9enne que sa m\u00e8re a adopt\u00e9, est difficile pour Caitlin&#8230; <\/em><em>&nbsp;<\/em><\/p>\n\n\n\n<p><strong><em>&#8211; <\/em><\/strong><strong>Laura du bout du monde<\/strong> des \u00c9l\u00e8ves du Kenya, Emmanuelle Penn &#8211; Plume-\u00c9ditions du Sorbier-1995. Texte \u00e9crit par les \u00e9l\u00e8ves du coll\u00e8ge Denis Diderot de Nairobi. Tu te promenais dans la for\u00eat &#8230; \u2028\u2028&nbsp; \u2028<\/p>\n\n\n\n<p><strong><em>&#8211; Le chasseur de mouches<\/em><\/strong><em> de Dani\u00e8le FOSSETTE &#8211; Castor Poche-Flammarion.1996 Junior, d\u00e8s 9\/10 ans ; \u00e0 Madagascar la vie n&rsquo;est pas comme ici, pas du tout. Et Mamy, \u00e0 sept ans a d\u00e9j\u00e0 une longue exp\u00e9rience derri\u00e8re lui&#8230; \u2028\u2028&nbsp; \u2028<\/em><\/p>\n\n\n\n<p><strong><em>&#8211; Mensonge mortel<\/em><\/strong><em> de St\u00e9phane DANIEL &#8211; Cascade Policier &#8211; Rageot \u00c9diteur.1997. Heureux entre ses parents adoptifs et Louise son amie, L\u00e9o ne sait pas encore qu&rsquo;en fouillant son pass\u00e9, il va r\u00e9veiller une terrible vengeance qui sommeille &#8230; \u2028\u2028&nbsp; \u2028<\/em><\/p>\n\n\n\n<p><strong><em>&#8211; <\/em><\/strong><strong>Une famille pour Duvet<\/strong> d&rsquo;Anne-Marie CHAPOUTON\/ Penny IVES- Les Belles Histoires -Bayard Poche.1990. De 3 \u00e0 7ans. Fanny la lapine est triste. Sa maison est vide. Elle voudrait tant un b\u00e9b\u00e9 mais n&rsquo;arrive pas \u00e0 en avoir. Mais un jour&#8230; \u2028\u2028&nbsp; \u2028<\/p>\n\n\n\n<p><strong>&#8211; Un papa en exil<\/strong> de K\u00e9th\u00e9vane DAVRICHEWY- Mouche L&rsquo;\u00e9cole des loisirs.1997 Un livre pour les enfants qui aiment d\u00e9j\u00e0 lire tout seuls ; Nino a un meilleur ami, mais elle ne le voit que l&rsquo;\u00e9t\u00e9 en vacances. Il s&rsquo;appelle Moussa. Il est Africain d&rsquo;origine&#8230; \u2028&nbsp; \u2028<\/p>\n\n\n\n<p><strong>-Mes deux papas<\/strong><\/p>\n\n\n\n<p><strong>&#8211; Entre toi et moi (adulte et enfants)<\/strong><\/p>\n\n\n\n<p><strong>&nbsp;\u2013 Mon amour (adulte et enfant)<\/strong><\/p>\n\n\n\n<p><strong>&#8211; grosse col\u00e8re<\/strong><\/p>\n\n\n\n<p><strong>&#8211; d\u2019o\u00f9 je viens&nbsp;? (enfant et adolescents)<\/strong><\/p>\n\n\n\n<p><strong>&#8211; la famille royale (roman illustr\u00e9)<\/strong><\/p>\n\n\n\n<p><strong>&#8211; Une vie en bleue (fond local)<\/strong><\/p>\n\n\n\n<p><strong>&#8211; Le pays D\u00e9z\u00e9toiles (fond local)<\/strong><\/p>\n\n\n\n<p><strong>&#8211; Les trois Brigands<\/strong> de Tomi Ungerer &#8211; L&rsquo;\u00e9cole des loisirs &#8211; 1968. \u00ab&nbsp;Il \u00e9tait une fois, trois vilains brigands\u2026&nbsp;\u00bb \u2028&nbsp;<\/p>\n\n\n\n<p><strong>&#8211; Moun<\/strong> de Rascal &#8211; Pastel &#8211; Lutin poche de l&rsquo;\u00e9cole des loisirs-1994. Port\u00e9e par l&rsquo;\u00e9cume et les vagues, Moun commen\u00e7a son long voyage&#8230; \u2028&nbsp; \u2028<\/p>\n\n\n\n<p><strong>&#8211; Noire comme le caf\u00e9, blanc comme la lune<\/strong> de Pili Mandelbaum \u2013 Pastel &#8211; Lutin poche de l&rsquo;\u00e9cole des loisirs-1989. \u00ab Que se passe-t-il, Nana, tu es triste?&#8230;\u00bb \u2028&nbsp; \u2028<\/p>\n\n\n\n<p><strong>&#8211; Petit-Bleu et Petit-Jaune<\/strong> de L\u00e9o Lionni- L&rsquo;\u00e9cole des loisirs-1970- \u00ab&nbsp;Voici Petit-Bleu\u2026&nbsp;&nbsp;\u00bb \u2028&nbsp; \u2028<\/p>\n\n\n\n<p><strong>&#8211; Tant esp\u00e9r\u00e9, tant attendu<\/strong> de Diane Cadieux-Gautier-Languereau -1999. Album de souvenirs. <a href=\"http:\/\/www.adoptionefa.org\/index.php\/lire-voir-ecouter\/actualite-a-lire-a-ecouter-a-voir#p3\">Pour aller plus loin&#8230;<\/a><\/p>\n\n\n\n<p><strong>&#8211; Une maman pour Choco<\/strong> de Keiko Kasza \u2013 Kal\u00e9idoscope &#8211; Lutin poche de l&rsquo;\u00e9cole des loisirs-1996. (album rachet\u00e9)<\/p>\n\n\n\n<p><strong>&#8211; Histoire de \u2026Tatou<\/strong> de Jackie Robb et Berny Stringle \u2013 illustrations de <a href=\"https:\/\/www.amazon.fr\/s\/ref=dp_byline_sr_book_3?ie=UTF8&amp;text=K.+Duncan&amp;search-alias=books-fr&amp;field-author=K.+Duncan&amp;sort=relevancerank\">Karen Duncan<\/a> et\u200e <a href=\"https:\/\/www.amazon.fr\/s\/ref=dp_byline_sr_book_4?ie=UTF8&amp;text=S.+Stringle&amp;search-alias=books-fr&amp;field-author=S.+Stringle&amp;sort=relevancerank\">Samantha Stringle<\/a> \u2013 Magnard jeunesse-2001<\/p>\n\n\n\n<p>Les films que nous vous conseillons de voir <a rel=\"noreferrer noopener\" href=\"https:\/\/efa-reunion.fr\/index.php\/2020\/04\/11\/a-voir\/\" target=\"_blank\">ici<\/a><\/p>\n\n\n\n<p>Les podcasts  que nous vous conseillons <a href=\"https:\/\/efa-reunion.fr\/index.php\/2020\/05\/10\/a-ecouter\/\">ici<\/a><\/p>\n","protected":false},"excerpt":{"rendered":"<p>EFA R\u00e9union propose \u00e0 l&#8217;emprunt des ouvrages adapt\u00e9s \u00e0 tous les \u00e2ges \u00e0 lire, voir ou \u00e9couter. Les ouvrages que nous proposons \u00e0 l&#8217;emprunt: OUVRAGES POUR ADULTES NOUVEAUTES 2020 \/ 2021 &#8211; Adoptabilit\u00e9s, La question du projet de l\u2019enfant \u2013 sous la direction de Bertrand Morin \u2013 EFA &#8211; novembre 2017 &#8211; Adoption et cultures: &hellip; <\/p>\n<p class=\"link-more\"><a href=\"https:\/\/efa-reunion.fr\/index.php\/bibliographie\/\" class=\"more-link\">Continuer la lecture<span class=\"screen-reader-text\"> de &laquo;&nbsp;M\u00e9diath\u00e8que&nbsp;&raquo;<\/span><\/a><\/p>\n","protected":false},"author":1,"featured_media":0,"parent":0,"menu_order":0,"comment_status":"closed","ping_status":"closed","template":"","meta":{"_uag_custom_page_level_css":"","footnotes":""},"class_list":["post-340","page","type-page","status-publish","hentry"],"uagb_featured_image_src":{"full":false,"thumbnail":false,"medium":false,"medium_large":false,"large":false,"1536x1536":false,"2048x2048":false,"twentyseventeen-featured-image":false,"twentyseventeen-thumbnail-avatar":false},"uagb_author_info":{"display_name":"EFAR\u00e9union","author_link":"https:\/\/efa-reunion.fr\/index.php\/author\/admin4542\/"},"uagb_comment_info":0,"uagb_excerpt":"EFA R\u00e9union propose \u00e0 l&#8217;emprunt des ouvrages adapt\u00e9s \u00e0 tous les \u00e2ges \u00e0 lire, voir ou \u00e9couter. Les ouvrages que nous proposons \u00e0 l&#8217;emprunt: OUVRAGES POUR ADULTES NOUVEAUTES 2020 \/ 2021 &#8211; Adoptabilit\u00e9s, La question du projet de l\u2019enfant \u2013 sous la direction de Bertrand Morin \u2013 EFA &#8211; novembre 2017 &#8211; Adoption et cultures:\u2026","_links":{"self":[{"href":"https:\/\/efa-reunion.fr\/index.php\/wp-json\/wp\/v2\/pages\/340"}],"collection":[{"href":"https:\/\/efa-reunion.fr\/index.php\/wp-json\/wp\/v2\/pages"}],"about":[{"href":"https:\/\/efa-reunion.fr\/index.php\/wp-json\/wp\/v2\/types\/page"}],"author":[{"embeddable":true,"href":"https:\/\/efa-reunion.fr\/index.php\/wp-json\/wp\/v2\/users\/1"}],"replies":[{"embeddable":true,"href":"https:\/\/efa-reunion.fr\/index.php\/wp-json\/wp\/v2\/comments?post=340"}],"version-history":[{"count":6,"href":"https:\/\/efa-reunion.fr\/index.php\/wp-json\/wp\/v2\/pages\/340\/revisions"}],"predecessor-version":[{"id":498,"href":"https:\/\/efa-reunion.fr\/index.php\/wp-json\/wp\/v2\/pages\/340\/revisions\/498"}],"wp:attachment":[{"href":"https:\/\/efa-reunion.fr\/index.php\/wp-json\/wp\/v2\/media?parent=340"}],"curies":[{"name":"wp","href":"https:\/\/api.w.org\/{rel}","templated":true}]}}